{"id":2,"date":"2026-01-30T14:52:25","date_gmt":"2026-01-30T14:52:25","guid":{"rendered":"http:\/\/amkeramika.lt\/?page_id=2"},"modified":"2026-02-26T10:38:12","modified_gmt":"2026-02-26T10:38:12","slug":"sample-page","status":"publish","type":"page","link":"https:\/\/amkeramika.lt\/en\/","title":{"rendered":"AM keramika"},"content":{"rendered":"\n  <div class=\"banner has-hover\" id=\"banner-1612246310\">\n          <div class=\"banner-inner fill\">\n        <div class=\"banner-bg fill\" >\n            <img loading=\"lazy\" decoding=\"async\" width=\"1020\" height=\"680\" src=\"https:\/\/amkeramika.lt\/wp-content\/uploads\/2026\/01\/P1012370-1024x683.jpg\" class=\"bg attachment-large size-large\" alt=\"\" \/>                                    \n                    <\/div>\n\t\t\n        <div class=\"banner-layers container\">\n            <div class=\"fill banner-link\"><\/div>            \n   <div id=\"text-box-841077701\" class=\"text-box banner-layer x50 md-x50 lg-x50 y10 md-y10 lg-y10 res-text\">\n                                <div class=\"text-box-content text dark\">\n              \n              <div class=\"text-inner text-center\">\n                  \n\t<div id=\"text-2849449618\" class=\"text\">\n\t\t\n<h3 class=\"uppercase\">HAND-CRAFTED CERAMICS<\/h3>\n<p>\n\t\t\n<style>\n#text-2849449618 {\n  color: rgb(122, 102, 86);\n}\n#text-2849449618 > * {\n  color: rgb(122, 102, 86);\n}\n<\/style>\n\t<\/div>\n\t\n              <\/div>\n           <\/div>\n                            \n<style>\n#text-box-841077701 {\n  width: 60%;\n}\n#text-box-841077701 .text-box-content {\n  font-size: 100%;\n}\n<\/style>\n    <\/div>\n \n        <\/div>\n      <\/div>\n\n            \n<style>\n#banner-1612246310 {\n  padding-top: 500px;\n}\n<\/style>\n  <\/div>\n\n\n<div class=\"row\"  id=\"row-692897266\">\n\n\t<div id=\"col-581541375\" class=\"col medium-6 small-12 large-6\"  >\n\t\t\t\t<div class=\"col-inner\"  >\n\t\t\t\n\t\t\t\n<p>Hi, and welcome to my website. My name is Algirdas, and I am a potter. Working with clay helps me stay connected to nature in a fast, technology-focused world. I care deeply about sustainability and longevity, and I aim to create pieces that feel timeless. I enjoy letting the material speak for itself\u2014its imperfections, textures, and natural presence. Most of my work is functional ware, made to be used and handled daily. I hope you find something here that you will give a new home to.<\/p>\n<p>\u00a0<\/p>\n\t\t<\/div>\n\t\t\t\t\t<\/div>\n\n\t\n\n\t<div id=\"col-1471915893\" class=\"col medium-6 small-12 large-6\"  >\n\t\t\t\t<div class=\"col-inner\"  >\n\t\t\t\n\t\t\t\n\t<div class=\"img has-hover x md-x lg-x y md-y lg-y\" id=\"image_1873719414\">\n\t\t\t\t\t\t\t\t<div class=\"img-inner dark\" >\n\t\t\t<img loading=\"lazy\" decoding=\"async\" width=\"1020\" height=\"680\" src=\"https:\/\/amkeramika.lt\/wp-content\/uploads\/2026\/02\/P1012414-1024x683.jpg\" class=\"attachment-large size-large\" alt=\"\" srcset=\"https:\/\/amkeramika.lt\/wp-content\/uploads\/2026\/02\/P1012414-1024x683.jpg 1024w, https:\/\/amkeramika.lt\/wp-content\/uploads\/2026\/02\/P1012414-300x200.jpg 300w, https:\/\/amkeramika.lt\/wp-content\/uploads\/2026\/02\/P1012414-768x512.jpg 768w, https:\/\/amkeramika.lt\/wp-content\/uploads\/2026\/02\/P1012414-1536x1024.jpg 1536w, https:\/\/amkeramika.lt\/wp-content\/uploads\/2026\/02\/P1012414-600x400.jpg 600w, https:\/\/amkeramika.lt\/wp-content\/uploads\/2026\/02\/P1012414.jpg 2048w\" sizes=\"auto, (max-width: 1020px) 100vw, 1020px\" \/>\t\t\t\t\t\t\n\t\t\t\t\t<\/div>\n\t\t\t\t\t\t\t\t\n<style>\n#image_1873719414 {\n  width: 100%;\n}\n<\/style>\n\t<\/div>\n\t\n\t\t<\/div>\n\t\t\t\t\t<\/div>\n\n\t\n<\/div>\n\t<div id=\"text-4237383159\" class=\"text\">\n\t\t\n<h2><a href=\"https:\/\/www.instagram.com\/amkeramika.lt\">Follow us on Instagram<\/a><\/h2>\n\t\t\n<style>\n#text-4237383159 {\n  text-align: center;\n}\n<\/style>\n\t<\/div>\n\t\n\n  \n    <div class=\"row large-columns-3 medium-columns- small-columns-2 row-collapse\" >\n  <div class=\"col\" ><div class=\"col-inner\"><div class=\"img has-hover no-overflow\">\n\t\t\t\t\t<div class=\"dark instagram-image-container image-overlay-remove instagram-image-type--image\">\n\t\t\t\t\t\t<a href=\"https:\/\/www.instagram.com\/p\/DW5jiz_Fwtm\/\" target=\"_blank\" rel=\"noopener\" class=\"plain\">\n\t\t\t\t\t\t\t<img decoding=\"async\" src=\"https:\/\/scontent.cdninstagram.com\/v\/t51.82787-15\/663297960_18045253970582016_142519183383287857_n.jpg?stp=dst-jpg_e35_tt6&#038;_nc_cat=101&#038;ccb=7-5&#038;_nc_sid=18de74&#038;efg=eyJlZmdfdGFnIjoiRkVFRC5iZXN0X2ltYWdlX3VybGdlbi5DMyJ9&#038;_nc_ohc=QVrfN97JEmoQ7kNvwGC68mn&#038;_nc_oc=Ado3GyYvNwHL10C6uQGWQ8BM1Mm4ddp5KLjDwAusyNPz9pTvxytAj5MjGCS31CIgLNcvDfaeqExlx9tHbGcRBfTX&#038;_nc_zt=23&#038;_nc_ht=scontent.cdninstagram.com&#038;edm=ANo9K5cEAAAA&#038;_nc_gid=Hm9221Wdcv2npvSSzcOk2g&#038;_nc_tpa=Q5bMBQGGFYTtQ2eQui7ZyeG8OgCyC4lLvbmRTJEZFHxBAA4NJFyvdOjwALnMOA0cwHW5DfORi-6o2Xj0&#038;oh=00_Af0uubpNTQqD5j_xv1NUEuInLpti_MauSOTgoy7eqhSAug&#038;oe=69E92D84\" alt=\"When the night was too short.\nDoppio espresso. Handmade cup. No rush.\n\nKai naktis buvo per trumpa.\nDoppio espresso. Rank\u0173 darbo puodelis. Be skub\u0117jimo.\n\n#ceramics #handmade #espresso #morningritual #stoneware #keramika #rankudarbas #rytas\"\/>\t\t\t\t\t\t\t\t\t\t\t\t\t\t\t\t\t\t\t\t\t\t<div class=\"caption\">When the night was too short.\nDoppio espresso. Handmade cup. No rush.\n\nKai naktis buvo per trumpa.\nDoppio espresso. Rank\u0173 darbo puodelis. Be skub\u0117jimo.\n\n#ceramics #handmade #espresso #morningritual #stoneware #keramika #rankudarbas #rytas<\/div>\n\t\t\t\t\t\t\t\t\t\t\t\t\t<\/a>\n\t\t\t\t\t<\/div>\n\t\t\t\t<\/div><\/div><\/div><div class=\"col\" ><div class=\"col-inner\"><div class=\"img has-hover no-overflow\">\n\t\t\t\t\t<div class=\"dark instagram-image-container image-overlay-remove instagram-image-type--video\">\n\t\t\t\t\t\t<a href=\"https:\/\/www.instagram.com\/reel\/DWB7L9hER8h\/\" target=\"_blank\" rel=\"noopener\" class=\"plain\">\n\t\t\t\t\t\t\t<img decoding=\"async\" src=\"https:\/\/scontent.cdninstagram.com\/v\/t51.71878-15\/653416272_2889717267902418_6390886666441638668_n.jpg?stp=dst-jpg_e35_tt6&#038;_nc_cat=107&#038;ccb=7-5&#038;_nc_sid=18de74&#038;efg=eyJlZmdfdGFnIjoiQ0xJUFMuYmVzdF9pbWFnZV91cmxnZW4uQzMifQ%3D%3D&#038;_nc_ohc=kqNaghU1iFkQ7kNvwEsZkJR&#038;_nc_oc=AdqiDz14iE_tSxk4OixtOiiJw6vcZ-bXtl-3q0Y18O320qTMP7kvLdKqtSmMWGlywOqWTuNJevE2ISukQFmpScyE&#038;_nc_zt=23&#038;_nc_ht=scontent.cdninstagram.com&#038;edm=ANo9K5cEAAAA&#038;_nc_gid=Hm9221Wdcv2npvSSzcOk2g&#038;_nc_tpa=Q5bMBQHrw-XTivP7LSZsdXDh7hWL1s4UFySu5YCZECcVyGvC0k0IF866v9Taj_4eNOxw2w_OOi930CxH&#038;oh=00_Af3GXMgkf6rAZTdfJVP8fLQld8o56LPddzZXZDggAbSgLQ&#038;oe=69E92357\" alt=\"New pieces in the making.\nWithout rush.\n\nKuriami nauji gaminiai.\nBe skub\u0117jimo.\n\n#keramika #minimalizmas #ceramics\"\/>\t\t\t\t\t\t\t\t\t\t\t\t\t\t\t\t\t\t\t\t\t\t<div class=\"caption\">New pieces in the making.\nWithout rush.\n\nKuriami nauji gaminiai.\nBe skub\u0117jimo.\n\n#keramika #minimalizmas #ceramics<\/div>\n\t\t\t\t\t\t\t\t\t\t\t\t\t<\/a>\n\t\t\t\t\t<\/div>\n\t\t\t\t<\/div><\/div><\/div><div class=\"col\" ><div class=\"col-inner\"><div class=\"img has-hover no-overflow\">\n\t\t\t\t\t<div class=\"dark instagram-image-container image-overlay-remove instagram-image-type--image\">\n\t\t\t\t\t\t<a href=\"https:\/\/www.instagram.com\/p\/DVOK9UmjZjF\/\" target=\"_blank\" rel=\"noopener\" class=\"plain\">\n\t\t\t\t\t\t\t<img decoding=\"async\" src=\"https:\/\/scontent.cdninstagram.com\/v\/t51.82787-15\/642963468_18036147176582016_5706239598860327595_n.jpg?stp=dst-jpg_e35_tt6&#038;_nc_cat=105&#038;ccb=7-5&#038;_nc_sid=18de74&#038;efg=eyJlZmdfdGFnIjoiRkVFRC5iZXN0X2ltYWdlX3VybGdlbi5DMyJ9&#038;_nc_ohc=TjM2CyttC8YQ7kNvwHncE_6&#038;_nc_oc=AdoF4OsNrI_A5b-wXIUUTg20qF6QL4QjjBD4c-QDsfLErzj_hWhalpGEtT78-q6y-_bhjLc6ux-WSPbLQS5Gytgc&#038;_nc_zt=23&#038;_nc_ht=scontent.cdninstagram.com&#038;edm=ANo9K5cEAAAA&#038;_nc_gid=Hm9221Wdcv2npvSSzcOk2g&#038;_nc_tpa=Q5bMBQEcQM6Q0qk-SFLc19mNBGOUVT4u61ahigpqWT9rKdsIqu9O6mqHfSJhHgspyCrlMOcO1AcVSGH6&#038;oh=00_Af3qQrHr2q6bdcA0dux0nF0Ui0nmFaJJwFc06G1LPrepQw&#038;oe=69E92C3F\" alt=\"Kiekvienas pavir\u0161ius apdirbamas atskirai \u2013 l\u0117tai, be skub\u0117jimo.\n\u010cia nelieka atsitiktini\u0173 linij\u0173. Tik tai, kas s\u0105moningai paliekama.\n\n#keramika #rankudarbas #minimalizmas #procesas\"\/>\t\t\t\t\t\t\t\t\t\t\t\t\t\t\t\t\t\t\t\t\t\t<div class=\"caption\">Kiekvienas pavir\u0161ius apdirbamas atskirai \u2013 l\u0117tai, be skub\u0117jimo.\n\u010cia nelieka atsitiktini\u0173 linij\u0173. Tik tai, kas s\u0105moningai paliekama.\n\n#keramika #rankudarbas #minimalizmas #procesas<\/div>\n\t\t\t\t\t\t\t\t\t\t\t\t\t<\/a>\n\t\t\t\t\t<\/div>\n\t\t\t\t<\/div><\/div><\/div><div class=\"col\" ><div class=\"col-inner\"><div class=\"img has-hover no-overflow\">\n\t\t\t\t\t<div class=\"dark instagram-image-container image-overlay-remove instagram-image-type--image\">\n\t\t\t\t\t\t<a href=\"https:\/\/www.instagram.com\/p\/DVMESD3DaEU\/\" target=\"_blank\" rel=\"noopener\" class=\"plain\">\n\t\t\t\t\t\t\t<img decoding=\"async\" src=\"https:\/\/scontent.cdninstagram.com\/v\/t51.82787-15\/643208892_18035981021582016_6378183721957480106_n.jpg?stp=dst-jpg_e35_tt6&#038;_nc_cat=105&#038;ccb=7-5&#038;_nc_sid=18de74&#038;efg=eyJlZmdfdGFnIjoiRkVFRC5iZXN0X2ltYWdlX3VybGdlbi5DMyJ9&#038;_nc_ohc=LEYgdIpzme4Q7kNvwF3dMex&#038;_nc_oc=AdpK-RyQcv64EuwXG5YV7shl8oe6V3Pv1MWTaLdpRMh1I1GoguUWu1NNzm4dY74UWHpLn6QuVCOjYYJTIzOoIVEm&#038;_nc_zt=23&#038;_nc_ht=scontent.cdninstagram.com&#038;edm=ANo9K5cEAAAA&#038;_nc_gid=Hm9221Wdcv2npvSSzcOk2g&#038;_nc_tpa=Q5bMBQE-IzE1dGcObSv53y6qqvIt4E5J5dFhCRxl-T-wucukMNQNWyb5VuXJiJWTUEtjqBpTrxl041fr&#038;oh=00_Af1msJcsaJ1ZqGbAJjxYjtUmejqH2gJh2WUrHWj0WlZKng&#038;oe=69E9283A\" alt=\"Kv\u0117puojanti, \u0161ilta, tikra keramika.\n\nVir\u0161us \u2013 dengtas glaz\u016bra, kad b\u016bt\u0173 funkcionalu ir patogu kasdienai.\nI\u0161or\u0117 \u2013 palikta nat\u016brali, \u0161velniai matin\u0117, su matoma strukt\u016bra.\n\nMan svarbu palikti dal\u012f dirbinio tok\u012f, koks jis yra \u2013 su savo tekst\u016bra, \u0161iluma ir ramybe.\n\n#keramika #rankudarbas #minimalizmas #nat\u016bralumas #stoneware\"\/>\t\t\t\t\t\t\t\t\t\t\t\t\t\t\t\t\t\t\t\t\t\t<div class=\"caption\">Kv\u0117puojanti, \u0161ilta, tikra keramika.\n\nVir\u0161us \u2013 dengtas glaz\u016bra, kad b\u016bt\u0173 funkcionalu ir patogu kasdienai.\nI\u0161or\u0117 \u2013 palikta nat\u016brali, \u0161velniai matin\u0117, su matoma strukt\u016bra.\n\nMan svarbu palikti dal\u012f dirbinio tok\u012f, koks jis yra \u2013 su savo tekst\u016bra, \u0161iluma ir ramybe.\n\n#keramika #rankudarbas #minimalizmas #nat\u016bralumas #stoneware<\/div>\n\t\t\t\t\t\t\t\t\t\t\t\t\t<\/a>\n\t\t\t\t\t<\/div>\n\t\t\t\t<\/div><\/div><\/div><\/div>\n\n            <div id=\"mailerlite-form_1\" data-temp-id=\"69e3635a3603e\">\n                <div class=\"mailerlite-form\">\n                    <form action=\"\" method=\"post\" novalidate>\n                                                    <div class=\"mailerlite-form-title\"><h3>Stay close to the studio<\/h3><\/div>\n                                                <div class=\"mailerlite-form-description\"><p data-start=\"248\" data-end=\"356\">New collections, limited batches, workshop dates, and occasional notes from the studio. No noise.<\/p>\n<\/div>\n                        <div class=\"mailerlite-form-inputs\">\n                                                                                            <div class=\"mailerlite-form-field\">\n                                    <label for=\"mailerlite-1-field-email\"><\/label>\n                                    <input id=\"mailerlite-1-field-email\"\n                                           type=\"email\" required=\"required\"                                            name=\"form_fields[email]\"\n                                           placeholder=\"Email\"\/>\n                                <\/div>\n                                                        <div class=\"mailerlite-form-loader\">Please wait...<\/div>\n                            <div class=\"mailerlite-subscribe-button-container\">\n                                <button class=\"mailerlite-subscribe-submit\" type=\"submit\">\n                                    Subscribe                                <\/button>\n                            <\/div>\n                            <input type=\"hidden\" name=\"form_id\" value=\"1\"\/>\n                            <input type=\"hidden\" name=\"action\" value=\"mailerlite_subscribe_form\"\/>\n                            <input type=\"hidden\" name=\"ml_nonce\" value=\"8cc1d3de26\"\/>\n                        <\/div>\n                        <div class=\"mailerlite-form-response\">\n                                                            <h4><p><span style=\"color: #339966\">Thank you for sign up!<\/span><\/p>\n<\/h4>\n                                                    <\/div>\n                    <\/form>\n                <\/div>\n            <\/div>\n        <script type=\"text\/javascript\" src='https:\/\/amkeramika.lt\/wp-content\/plugins\/official-mailerlite-sign-up-forms\/assets\/js\/localization\/validation-messages.js'><\/script>\n         <script type=\"text\/javascript\"> var selectedLanguage = \"\"; var validationMessages = messages[\"en\"]; if(selectedLanguage) { validationMessages = messages[selectedLanguage]; } window.addEventListener(\"load\", function () { var form_container = document.querySelector(`#mailerlite-form_1[data-temp-id=\"69e3635a3603e\"] form`); let submitButton = form_container.querySelector('.mailerlite-subscribe-submit'); submitButton.disabled = true; fetch('https:\/\/amkeramika.lt\/wp-admin\/admin-ajax.php', { method: 'POST', headers:{ 'Content-Type': 'application\/x-www-form-urlencoded', }, body: new URLSearchParams({ \"action\" : \"ml_create_nonce\", \"ml_nonce\" : form_container.querySelector(\"input[name='ml_nonce']\").value }) }) .then((response) => response.json()) .then((json) => { if(json.success) { form_container.querySelector(\"input[name='ml_nonce']\").value = json.data.ml_nonce; submitButton.disabled = false; } }) .catch((error) => { console.error('Error:', error); }); form_container.addEventListener('submit', (e) => { e.preventDefault(); let data = new URLSearchParams(new FormData(form_container)).toString(); let validationError = false; document.querySelectorAll('.mailerlite-form-error').forEach(el => el.remove()); Array.from(form_container.elements).forEach((input) => { if(input.type !== 'hidden') { if(input.required) { if(input.value == '') { validationError = true; let error = document.createElement(\"span\"); error.className = 'mailerlite-form-error'; error.textContent = validationMessages.required; input.after(error); return false; } } if((input.type == \"email\") && (!validateEmail(input.value))) { validationError = true; let error = document.createElement(\"span\"); error.className = 'mailerlite-form-error'; error.textContent = validationMessages.email; input.after(error); return false; } } }); if(validationError) { return false; } fade.out(form_container.querySelector('.mailerlite-subscribe-button-container'), () => { fade.in(form_container.querySelector('.mailerlite-form-loader')); }); fetch('https:\/\/amkeramika.lt\/wp-admin\/admin-ajax.php', { method: 'POST', headers:{ 'Content-Type': 'application\/x-www-form-urlencoded', }, body: data }) .then((response) => { fade.out(form_container.querySelector('.mailerlite-form-inputs'), () => { fade.in(form_container.querySelector('.mailerlite-form-response')); }); }) .catch((error) => { console.error('Error:', error); }); }); }, false); var fade = { out: function(el, fn = false) { var fadeOutEffect = setInterval(function () { if (!el.style.opacity) { el.style.opacity = 1; } if (el.style.opacity > 0) { el.style.opacity -= 0.1; } else { el.style.display = 'none'; clearInterval(fadeOutEffect); } }, 50); if( typeof (fn) == 'function') { fn(); } }, in: function(el) { var fadeInEffect = setInterval(function () { if (!el.style.opacity) { el.style.opacity = 0; } if (el.style.opacity < 1) { el.style.opacity = Number(el.style.opacity) + 0.1; } else { el.style.display = 'block'; clearInterval(fadeInEffect); } }, 50); } }; function validateEmail(email){ if(email.match( \/^(([^<>()[\\]\\\\.,;:\\s@\\\"]+(\\.[^<>()[\\]\\\\.,;:\\s@\\\"]+)*)|(\\\".+\\\"))@((\\[[0-9]{1,3}\\.[0-9]{1,3}\\.[0-9]{1,3}\\.[0-9]{1,3}\\])|(([a-zA-Z\\-0-9]+\\.)+[a-zA-Z]{2,}))$\/ )) { return true; } return false; } <\/script> \n","protected":false},"excerpt":{"rendered":"","protected":false},"author":1,"featured_media":0,"parent":0,"menu_order":0,"comment_status":"closed","ping_status":"open","template":"","meta":{"footnotes":""},"class_list":["post-2","page","type-page","status-publish","hentry"],"yoast_head":"<!-- This site is optimized with the Yoast SEO plugin v27.0 - https:\/\/yoast.com\/product\/yoast-seo-wordpress\/ -->\n<title>AM keramika - amkeramika.lt<\/title>\n<meta name=\"robots\" content=\"index, follow, max-snippet:-1, max-image-preview:large, max-video-preview:-1\" \/>\n<link rel=\"canonical\" href=\"https:\/\/amkeramika.lt\/en\/\" \/>\n<meta property=\"og:locale\" content=\"en_US\" \/>\n<meta property=\"og:type\" content=\"article\" \/>\n<meta property=\"og:title\" content=\"AM keramika - amkeramika.lt\" \/>\n<meta property=\"og:url\" content=\"https:\/\/amkeramika.lt\/en\/\" \/>\n<meta property=\"og:site_name\" content=\"amkeramika.lt\" \/>\n<meta property=\"article:modified_time\" content=\"2026-02-26T10:38:12+00:00\" \/>\n<meta name=\"twitter:card\" content=\"summary_large_image\" \/>\n<meta name=\"twitter:label1\" content=\"Est. reading time\" \/>\n\t<meta name=\"twitter:data1\" content=\"1 minute\" \/>\n<script type=\"application\/ld+json\" class=\"yoast-schema-graph\">{\"@context\":\"https:\/\/schema.org\",\"@graph\":[{\"@type\":\"WebPage\",\"@id\":\"https:\/\/amkeramika.lt\/en\/\",\"url\":\"https:\/\/amkeramika.lt\/en\/\",\"name\":\"AM keramika - amkeramika.lt\",\"isPartOf\":{\"@id\":\"https:\/\/amkeramika.lt\/en\/#website\"},\"datePublished\":\"2026-01-30T14:52:25+00:00\",\"dateModified\":\"2026-02-26T10:38:12+00:00\",\"breadcrumb\":{\"@id\":\"https:\/\/amkeramika.lt\/en\/#breadcrumb\"},\"inLanguage\":\"en-US\",\"potentialAction\":[{\"@type\":\"ReadAction\",\"target\":[\"https:\/\/amkeramika.lt\/en\/\"]}]},{\"@type\":\"BreadcrumbList\",\"@id\":\"https:\/\/amkeramika.lt\/en\/#breadcrumb\",\"itemListElement\":[{\"@type\":\"ListItem\",\"position\":1,\"name\":\"Home\",\"item\":\"https:\/\/amkeramika.lt\/en\/\"},{\"@type\":\"ListItem\",\"position\":2,\"name\":\"AM keramika\"}]},{\"@type\":\"WebSite\",\"@id\":\"https:\/\/amkeramika.lt\/en\/#website\",\"url\":\"https:\/\/amkeramika.lt\/en\/\",\"name\":\"amkeramika.lt\",\"description\":\"\",\"publisher\":{\"@id\":\"https:\/\/amkeramika.lt\/en\/#organization\"},\"potentialAction\":[{\"@type\":\"SearchAction\",\"target\":{\"@type\":\"EntryPoint\",\"urlTemplate\":\"https:\/\/amkeramika.lt\/en\/?s={search_term_string}\"},\"query-input\":{\"@type\":\"PropertyValueSpecification\",\"valueRequired\":true,\"valueName\":\"search_term_string\"}}],\"inLanguage\":\"en-US\"},{\"@type\":\"Organization\",\"@id\":\"https:\/\/amkeramika.lt\/en\/#organization\",\"name\":\"amkeramika.lt\",\"url\":\"https:\/\/amkeramika.lt\/en\/\",\"logo\":{\"@type\":\"ImageObject\",\"inLanguage\":\"en-US\",\"@id\":\"https:\/\/amkeramika.lt\/en\/#\/schema\/logo\/image\/\",\"url\":\"http:\/\/amkeramika.lt\/wp-content\/uploads\/2026\/02\/am-keramika.svg\",\"contentUrl\":\"http:\/\/amkeramika.lt\/wp-content\/uploads\/2026\/02\/am-keramika.svg\",\"width\":1,\"height\":1,\"caption\":\"amkeramika.lt\"},\"image\":{\"@id\":\"https:\/\/amkeramika.lt\/en\/#\/schema\/logo\/image\/\"}}]}<\/script>\n<!-- \/ Yoast SEO plugin. -->","yoast_head_json":{"title":"AM keramika - amkeramika.lt","robots":{"index":"index","follow":"follow","max-snippet":"max-snippet:-1","max-image-preview":"max-image-preview:large","max-video-preview":"max-video-preview:-1"},"canonical":"https:\/\/amkeramika.lt\/en\/","og_locale":"en_US","og_type":"article","og_title":"AM keramika - amkeramika.lt","og_url":"https:\/\/amkeramika.lt\/en\/","og_site_name":"amkeramika.lt","article_modified_time":"2026-02-26T10:38:12+00:00","twitter_card":"summary_large_image","twitter_misc":{"Est. reading time":"1 minute"},"schema":{"@context":"https:\/\/schema.org","@graph":[{"@type":"WebPage","@id":"https:\/\/amkeramika.lt\/en\/","url":"https:\/\/amkeramika.lt\/en\/","name":"AM keramika - amkeramika.lt","isPartOf":{"@id":"https:\/\/amkeramika.lt\/en\/#website"},"datePublished":"2026-01-30T14:52:25+00:00","dateModified":"2026-02-26T10:38:12+00:00","breadcrumb":{"@id":"https:\/\/amkeramika.lt\/en\/#breadcrumb"},"inLanguage":"en-US","potentialAction":[{"@type":"ReadAction","target":["https:\/\/amkeramika.lt\/en\/"]}]},{"@type":"BreadcrumbList","@id":"https:\/\/amkeramika.lt\/en\/#breadcrumb","itemListElement":[{"@type":"ListItem","position":1,"name":"Home","item":"https:\/\/amkeramika.lt\/en\/"},{"@type":"ListItem","position":2,"name":"AM keramika"}]},{"@type":"WebSite","@id":"https:\/\/amkeramika.lt\/en\/#website","url":"https:\/\/amkeramika.lt\/en\/","name":"amkeramika.lt","description":"","publisher":{"@id":"https:\/\/amkeramika.lt\/en\/#organization"},"potentialAction":[{"@type":"SearchAction","target":{"@type":"EntryPoint","urlTemplate":"https:\/\/amkeramika.lt\/en\/?s={search_term_string}"},"query-input":{"@type":"PropertyValueSpecification","valueRequired":true,"valueName":"search_term_string"}}],"inLanguage":"en-US"},{"@type":"Organization","@id":"https:\/\/amkeramika.lt\/en\/#organization","name":"amkeramika.lt","url":"https:\/\/amkeramika.lt\/en\/","logo":{"@type":"ImageObject","inLanguage":"en-US","@id":"https:\/\/amkeramika.lt\/en\/#\/schema\/logo\/image\/","url":"http:\/\/amkeramika.lt\/wp-content\/uploads\/2026\/02\/am-keramika.svg","contentUrl":"http:\/\/amkeramika.lt\/wp-content\/uploads\/2026\/02\/am-keramika.svg","width":1,"height":1,"caption":"amkeramika.lt"},"image":{"@id":"https:\/\/amkeramika.lt\/en\/#\/schema\/logo\/image\/"}}]}},"_links":{"self":[{"href":"https:\/\/amkeramika.lt\/en\/wp-json\/wp\/v2\/pages\/2","targetHints":{"allow":["GET"]}}],"collection":[{"href":"https:\/\/amkeramika.lt\/en\/wp-json\/wp\/v2\/pages"}],"about":[{"href":"https:\/\/amkeramika.lt\/en\/wp-json\/wp\/v2\/types\/page"}],"author":[{"embeddable":true,"href":"https:\/\/amkeramika.lt\/en\/wp-json\/wp\/v2\/users\/1"}],"replies":[{"embeddable":true,"href":"https:\/\/amkeramika.lt\/en\/wp-json\/wp\/v2\/comments?post=2"}],"version-history":[{"count":10,"href":"https:\/\/amkeramika.lt\/en\/wp-json\/wp\/v2\/pages\/2\/revisions"}],"predecessor-version":[{"id":173,"href":"https:\/\/amkeramika.lt\/en\/wp-json\/wp\/v2\/pages\/2\/revisions\/173"}],"wp:attachment":[{"href":"https:\/\/amkeramika.lt\/en\/wp-json\/wp\/v2\/media?parent=2"}],"curies":[{"name":"wp","href":"https:\/\/api.w.org\/{rel}","templated":true}]}}